{"id":3433,"date":"2018-01-05T15:02:27","date_gmt":"2018-01-05T15:02:27","guid":{"rendered":"https:\/\/pauls-brasserie.de\/?page_id=3433"},"modified":"2019-01-15T19:39:14","modified_gmt":"2019-01-15T19:39:14","slug":"manger-francais","status":"publish","type":"page","link":"https:\/\/pauls-brasserie.de\/?page_id=3433","title":{"rendered":"Manger Fran\u00e7ais"},"content":{"rendered":"<div id='full_slider_1'  class='avia-fullwidth-slider main_color avia-shadow   avia-builder-el-0  el_before_av_one_half  avia-builder-el-first   container_wrap sidebar_right'  ><div  class='avia-slideshow av-av_slideshow_full-ae9c701cfa776c59e9c1996d23e24f81 avia-slideshow-featured av_slideshow_full avia-slide-slider av-slideshow-ui av-control-default av-slideshow-autoplay av-loop-once av-loop-manual-endless av-default-height-applied   avia-slideshow-1' data-slideshow-options=\"{&quot;animation&quot;:&quot;slide&quot;,&quot;autoplay&quot;:true,&quot;loop_autoplay&quot;:&quot;once&quot;,&quot;interval&quot;:3,&quot;loop_manual&quot;:&quot;manual-endless&quot;,&quot;autoplay_stopper&quot;:true,&quot;noNavigation&quot;:false,&quot;bg_slider&quot;:false,&quot;keep_padding&quot;:false,&quot;hoverpause&quot;:false,&quot;show_slide_delay&quot;:0}\"  itemprop=\"image\" itemscope=\"itemscope\" itemtype=\"https:\/\/schema.org\/ImageObject\" ><ul class='avia-slideshow-inner ' style='padding-bottom: 28.666666666667%;'><li  class='avia-slideshow-slide av-av_slideshow_full-ae9c701cfa776c59e9c1996d23e24f81__0  slide-1 slide-odd'><div data-rel='slideshow-1' class='avia-slide-wrap '   ><img fetchpriority=\"high\" class=\"wp-image-3382 avia-img-lazy-loading-not-3382\"  src='https:\/\/pauls-brasserie.de\/wp-content\/uploads\/2017\/12\/PAULs17-002-1500x430.jpg' width='1500' height='430' title='PAULs&#039;17-002' alt=''  itemprop=\"thumbnailUrl\"   \/><\/div><\/li><li  class='avia-slideshow-slide av-av_slideshow_full-ae9c701cfa776c59e9c1996d23e24f81__1  slide-2 slide-even'><div data-rel='slideshow-1' class='avia-slide-wrap '   ><img fetchpriority=\"high\" class=\"wp-image-3383 avia-img-lazy-loading-not-3383\"  src='https:\/\/pauls-brasserie.de\/wp-content\/uploads\/2017\/12\/PAULs17-018-1500x430.jpg' width='1500' height='430' title='qu&#039;y a-t-il au menu?' alt=''  itemprop=\"thumbnailUrl\"   \/><\/div><\/li><li  class='avia-slideshow-slide av-av_slideshow_full-ae9c701cfa776c59e9c1996d23e24f81__2  slide-3 slide-odd'><div data-rel='slideshow-1' class='avia-slide-wrap '   ><img fetchpriority=\"high\" class=\"wp-image-3384 avia-img-lazy-loading-not-3384\"  src='https:\/\/pauls-brasserie.de\/wp-content\/uploads\/2017\/12\/PAULs17-077-1500x430.jpg' width='1500' height='430' title='PAULs&#039;17-077' alt=''  itemprop=\"thumbnailUrl\"   \/><\/div><\/li><li  class='avia-slideshow-slide av-av_slideshow_full-ae9c701cfa776c59e9c1996d23e24f81__3  slide-4 slide-even'><div data-rel='slideshow-1' class='avia-slide-wrap '   ><img fetchpriority=\"high\" class=\"wp-image-3385 avia-img-lazy-loading-not-3385\"  src='https:\/\/pauls-brasserie.de\/wp-content\/uploads\/2017\/12\/PAULs17-117-1500x430.jpg' width='1500' height='430' title='PAULs&#039;17-117' alt=''  itemprop=\"thumbnailUrl\"   \/><\/div><\/li><li  class='avia-slideshow-slide av-av_slideshow_full-ae9c701cfa776c59e9c1996d23e24f81__4  slide-5 slide-odd'><div data-rel='slideshow-1' class='avia-slide-wrap '   ><img fetchpriority=\"high\" class=\"wp-image-3386 avia-img-lazy-loading-not-3386\"  src='https:\/\/pauls-brasserie.de\/wp-content\/uploads\/2017\/12\/PAULs17-133-1500x430.jpg' width='1500' height='430' title='PAULs&#039;17-133' alt=''  itemprop=\"thumbnailUrl\"   \/><\/div><\/li><\/ul><div class='avia-slideshow-arrows avia-slideshow-controls' ><a href='#prev' class='prev-slide  avia-svg-icon avia-font-svg_entypo-fontello' data-av_svg_icon='left-open-big' data-av_iconset='svg_entypo-fontello' tabindex='-1' title=\"Zur\u00fcck\"><svg version=\"1.1\" xmlns=\"http:\/\/www.w3.org\/2000\/svg\" width=\"15\" height=\"32\" viewBox=\"0 0 15 32\" preserveAspectRatio=\"xMidYMid meet\" aria-labelledby='av-svg-title-1' aria-describedby='av-svg-desc-1' role=\"graphics-symbol\" aria-hidden=\"true\">\n<title id='av-svg-title-1'>Zur\u00fcck<\/title>\n<desc id='av-svg-desc-1'>Zur\u00fcck<\/desc>\n<path d=\"M14.464 27.84q0.832 0.832 0 1.536-0.832 0.832-1.536 0l-12.544-12.608q-0.768-0.768 0-1.6l12.544-12.608q0.704-0.832 1.536 0 0.832 0.704 0 1.536l-11.456 11.904z\"><\/path>\n<\/svg><span class='avia_hidden_link_text'>Zur\u00fcck<\/span><\/a><a href='#next' class='next-slide  avia-svg-icon avia-font-svg_entypo-fontello' data-av_svg_icon='right-open-big' data-av_iconset='svg_entypo-fontello' tabindex='-1' title=\"Weiter\"><svg version=\"1.1\" xmlns=\"http:\/\/www.w3.org\/2000\/svg\" width=\"15\" height=\"32\" viewBox=\"0 0 15 32\" preserveAspectRatio=\"xMidYMid meet\" aria-labelledby='av-svg-title-2' aria-describedby='av-svg-desc-2' role=\"graphics-symbol\" aria-hidden=\"true\">\n<title id='av-svg-title-2'>Weiter<\/title>\n<desc id='av-svg-desc-2'>Weiter<\/desc>\n<path d=\"M0.416 27.84l11.456-11.84-11.456-11.904q-0.832-0.832 0-1.536 0.832-0.832 1.536 0l12.544 12.608q0.768 0.832 0 1.6l-12.544 12.608q-0.704 0.832-1.536 0-0.832-0.704 0-1.536z\"><\/path>\n<\/svg><span class='avia_hidden_link_text'>Weiter<\/span><\/a><\/div><div class='avia-slideshow-dots avia-slideshow-controls'><a href='#1' class='goto-slide active' >1<\/a><a href='#2' class='goto-slide ' >2<\/a><a href='#3' class='goto-slide ' >3<\/a><a href='#4' class='goto-slide ' >4<\/a><a href='#5' class='goto-slide ' >5<\/a><\/div><\/div><\/div><div id='after_full_slider_1'  class='main_color av_default_container_wrap container_wrap sidebar_right'  ><div class='container av-section-cont-open' ><div class='template-page content  av-content-small alpha units'><div class='post-entry post-entry-type-page post-entry-3433'><div class='entry-content-wrapper clearfix'>\n\n<style type=\"text\/css\" data-created_by=\"avia_inline_auto\" id=\"style-css-av-av_one_half-15d750bd1b332b34c6e70b077ebbccdf\">\n.flex_column.av-av_one_half-15d750bd1b332b34c6e70b077ebbccdf{\nborder-radius:0px 0px 0px 0px;\npadding:0px 0px 0px 0px;\n}\n<\/style>\n<div  class='flex_column av-av_one_half-15d750bd1b332b34c6e70b077ebbccdf av_one_half  avia-builder-el-1  el_after_av_slideshow_full  el_before_av_one_half  avia-builder-el-first  first flex_column_div av-zero-column-padding  '     ><p>\n<style type=\"text\/css\" data-created_by=\"avia_inline_auto\" id=\"style-css-av-av_heading-b4752afbce988fcc9eea58c4508b655e\">\n#top .av-special-heading.av-av_heading-b4752afbce988fcc9eea58c4508b655e{\npadding-bottom:10px;\n}\nbody .av-special-heading.av-av_heading-b4752afbce988fcc9eea58c4508b655e .av-special-heading-tag .heading-char{\nfont-size:25px;\n}\n.av-special-heading.av-av_heading-b4752afbce988fcc9eea58c4508b655e .av-subheading{\nfont-size:15px;\n}\n<\/style>\n<div  class='av-special-heading av-av_heading-b4752afbce988fcc9eea58c4508b655e av-special-heading-h3  avia-builder-el-2  el_before_av_textblock  avia-builder-el-first '><h3 class='av-special-heading-tag '  itemprop=\"headline\"  >D\u00e9licieux<\/h3><div class=\"special-heading-border\"><div class=\"special-heading-inner-border\"><\/div><\/div><\/div><br \/>\n<section  class='av_textblock_section av-av_textblock-2de302bf1aa3cf4c9157dbe6f50ac7eb '   itemscope=\"itemscope\" itemtype=\"https:\/\/schema.org\/CreativeWork\" ><div class='avia_textblock'  itemprop=\"text\" ><p>Wer die kleine, feine franz\u00f6sische K\u00fcche liebt und innovative Kreationen zu sch\u00e4tzen wei\u00df, wird sich im Paul\u00b4s sehr wohl f\u00fchlen. In der Tradition der klassischen Brasserie, findet man Gerichte f\u00fcr jeden Geschmack. Auch das vegetarische Angebot ist vielf\u00e4ltig.<\/p>\n<\/div><\/section><br \/>\n\n<style type=\"text\/css\" data-created_by=\"avia_inline_auto\" id=\"style-css-av-av_horizontal_gallery-67470af37845f4e70bdee55b01ead5d6\">\n.av-horizontal-gallery.av-av_horizontal_gallery-67470af37845f4e70bdee55b01ead5d6{\npadding:3.75% 0px;;\n}\n.av-horizontal-gallery.av-av_horizontal_gallery-67470af37845f4e70bdee55b01ead5d6 .av-horizontal-gallery-inner{\npadding-bottom:25%;\n}\n<\/style>\n<div  class='av-horizontal-gallery av-av_horizontal_gallery-67470af37845f4e70bdee55b01ead5d6 av-horizontal-gallery-large-gap av-horizontal-gallery-enlarge-effect  avia-builder-el-4  el_after_av_textblock  el_before_av_hr  av-slideshow-ui av-control-default av-slideshow-manual av-loop-once av-loop-manual-endless av-horizontal-gallery-1' data-slideshow-data=\"{&quot;enlarge&quot;:1.3,&quot;animation&quot;:&quot;slide&quot;,&quot;autoplay&quot;:false,&quot;loop_autoplay&quot;:&quot;once&quot;,&quot;interval&quot;:5,&quot;loop_manual&quot;:&quot;manual-endless&quot;,&quot;autoplay_stopper&quot;:false,&quot;noNavigation&quot;:false,&quot;bg_slider&quot;:false,&quot;keep_padding&quot;:&quot;&quot;,&quot;hoverpause&quot;:false,&quot;show_slide_delay&quot;:0}\"  itemprop=\"image\" itemscope=\"itemscope\" itemtype=\"https:\/\/schema.org\/ImageObject\" ><div class='avia-slideshow-arrows avia-slideshow-controls' ><a href='#prev' class='prev-slide av-horizontal-gallery-prev avia-svg-icon avia-font-svg_entypo-fontello' data-av_svg_icon='left-open-big' data-av_iconset='svg_entypo-fontello' tabindex='-1' title=\"Zur\u00fcck\"><svg version=\"1.1\" xmlns=\"http:\/\/www.w3.org\/2000\/svg\" width=\"15\" height=\"32\" viewBox=\"0 0 15 32\" preserveAspectRatio=\"xMidYMid meet\" aria-labelledby='av-svg-title-3' aria-describedby='av-svg-desc-3' role=\"graphics-symbol\" aria-hidden=\"true\">\n<title id='av-svg-title-3'>Zur\u00fcck<\/title>\n<desc id='av-svg-desc-3'>Zur\u00fcck<\/desc>\n<path d=\"M14.464 27.84q0.832 0.832 0 1.536-0.832 0.832-1.536 0l-12.544-12.608q-0.768-0.768 0-1.6l12.544-12.608q0.704-0.832 1.536 0 0.832 0.704 0 1.536l-11.456 11.904z\"><\/path>\n<\/svg><span class='avia_hidden_link_text'>Zur\u00fcck<\/span><\/a><a href='#next' class='next-slide av-horizontal-gallery-next avia-svg-icon avia-font-svg_entypo-fontello' data-av_svg_icon='right-open-big' data-av_iconset='svg_entypo-fontello' tabindex='-1' title=\"Weiter\"><svg version=\"1.1\" xmlns=\"http:\/\/www.w3.org\/2000\/svg\" width=\"15\" height=\"32\" viewBox=\"0 0 15 32\" preserveAspectRatio=\"xMidYMid meet\" aria-labelledby='av-svg-title-4' aria-describedby='av-svg-desc-4' role=\"graphics-symbol\" aria-hidden=\"true\">\n<title id='av-svg-title-4'>Weiter<\/title>\n<desc id='av-svg-desc-4'>Weiter<\/desc>\n<path d=\"M0.416 27.84l11.456-11.84-11.456-11.904q-0.832-0.832 0-1.536 0.832-0.832 1.536 0l12.544 12.608q0.768 0.832 0 1.6l-12.544 12.608q-0.704 0.832-1.536 0-0.832-0.704 0-1.536z\"><\/path>\n<\/svg><span class='avia_hidden_link_text'>Weiter<\/span><\/a><\/div><div class='avia-slideshow-dots avia-slideshow-controls av-horizontal-gallery-dots fade-in'><a href='#1' class='goto-slide active' >1<\/a><a href='#2' class='goto-slide ' >2<\/a><a href='#3' class='goto-slide ' >3<\/a><a href='#4' class='goto-slide ' >4<\/a><\/div><div class='av-horizontal-gallery-inner' data-av-height='25'><div class=\"av-horizontal-gallery-slider\"><div class=\"av-horizontal-gallery-wrap noHover\"><img loading=\"lazy\" class='wp-image-3451 avia-img-lazy-loading-3451 av-horizontal-gallery-img' width='1030' height='686' src='https:\/\/pauls-brasserie.de\/wp-content\/uploads\/2018\/01\/04-1030x686.jpg' title='04' alt='' \/><a href=\"https:\/\/pauls-brasserie.de\/wp-content\/uploads\/2018\/01\/04-1030x686.jpg\" class='av-horizontal-gallery-link avia-svg-icon avia-font-svg_entypo-fontello' data-av_svg_icon='resize-full' data-av_iconset='svg_entypo-fontello' title='04' alt='' aria-label='Open image in lightbox: 04'><svg version=\"1.1\" xmlns=\"http:\/\/www.w3.org\/2000\/svg\" width=\"25\" height=\"32\" viewBox=\"0 0 25 32\" preserveAspectRatio=\"xMidYMid meet\" aria-labelledby='av-svg-title-5' aria-describedby='av-svg-desc-5' role=\"graphics-symbol\" aria-hidden=\"true\">\n<title id='av-svg-title-5'>Open image in lightbox: 04<\/title>\n<desc id='av-svg-desc-5'>Open image in lightbox: 04<\/desc>\n<path d=\"M15.232 3.328h10.112v10.112l-3.2-3.968-4.672 4.864-3.2-3.2 4.864-4.672zM7.872 17.536l3.2 3.2-4.864 4.672 3.904 3.2h-10.112v-10.112l3.2 3.904z\"><\/path>\n<\/svg><\/a><\/div><div class=\"av-horizontal-gallery-wrap noHover\"><img loading=\"lazy\" class='wp-image-3450 avia-img-lazy-loading-3450 av-horizontal-gallery-img' width='1030' height='686' src='https:\/\/pauls-brasserie.de\/wp-content\/uploads\/2018\/01\/03-1030x686.jpg' title='03' alt='' \/><a href=\"https:\/\/pauls-brasserie.de\/wp-content\/uploads\/2018\/01\/03-1030x686.jpg\" class='av-horizontal-gallery-link avia-svg-icon avia-font-svg_entypo-fontello' data-av_svg_icon='resize-full' data-av_iconset='svg_entypo-fontello' title='03' alt='' aria-label='Open image in lightbox: 03'><svg version=\"1.1\" xmlns=\"http:\/\/www.w3.org\/2000\/svg\" width=\"25\" height=\"32\" viewBox=\"0 0 25 32\" preserveAspectRatio=\"xMidYMid meet\" aria-labelledby='av-svg-title-6' aria-describedby='av-svg-desc-6' role=\"graphics-symbol\" aria-hidden=\"true\">\n<title id='av-svg-title-6'>Open image in lightbox: 03<\/title>\n<desc id='av-svg-desc-6'>Open image in lightbox: 03<\/desc>\n<path d=\"M15.232 3.328h10.112v10.112l-3.2-3.968-4.672 4.864-3.2-3.2 4.864-4.672zM7.872 17.536l3.2 3.2-4.864 4.672 3.904 3.2h-10.112v-10.112l3.2 3.904z\"><\/path>\n<\/svg><\/a><\/div><div class=\"av-horizontal-gallery-wrap noHover\"><img loading=\"lazy\" class='wp-image-3449 avia-img-lazy-loading-3449 av-horizontal-gallery-img' width='1030' height='686' src='https:\/\/pauls-brasserie.de\/wp-content\/uploads\/2018\/01\/02-1030x686.jpg' title='02' alt='' \/><a href=\"https:\/\/pauls-brasserie.de\/wp-content\/uploads\/2018\/01\/02-1030x686.jpg\" class='av-horizontal-gallery-link avia-svg-icon avia-font-svg_entypo-fontello' data-av_svg_icon='resize-full' data-av_iconset='svg_entypo-fontello' title='02' alt='' aria-label='Open image in lightbox: 02'><svg version=\"1.1\" xmlns=\"http:\/\/www.w3.org\/2000\/svg\" width=\"25\" height=\"32\" viewBox=\"0 0 25 32\" preserveAspectRatio=\"xMidYMid meet\" aria-labelledby='av-svg-title-7' aria-describedby='av-svg-desc-7' role=\"graphics-symbol\" aria-hidden=\"true\">\n<title id='av-svg-title-7'>Open image in lightbox: 02<\/title>\n<desc id='av-svg-desc-7'>Open image in lightbox: 02<\/desc>\n<path d=\"M15.232 3.328h10.112v10.112l-3.2-3.968-4.672 4.864-3.2-3.2 4.864-4.672zM7.872 17.536l3.2 3.2-4.864 4.672 3.904 3.2h-10.112v-10.112l3.2 3.904z\"><\/path>\n<\/svg><\/a><\/div><div class=\"av-horizontal-gallery-wrap noHover\"><img loading=\"lazy\" class='wp-image-3448 avia-img-lazy-loading-3448 av-horizontal-gallery-img' width='1030' height='686' src='https:\/\/pauls-brasserie.de\/wp-content\/uploads\/2018\/01\/01-1030x686.jpg' title='01' alt='' \/><a href=\"https:\/\/pauls-brasserie.de\/wp-content\/uploads\/2018\/01\/01-1030x686.jpg\" class='av-horizontal-gallery-link avia-svg-icon avia-font-svg_entypo-fontello' data-av_svg_icon='resize-full' data-av_iconset='svg_entypo-fontello' title='01' alt='' aria-label='Open image in lightbox: 01'><svg version=\"1.1\" xmlns=\"http:\/\/www.w3.org\/2000\/svg\" width=\"25\" height=\"32\" viewBox=\"0 0 25 32\" preserveAspectRatio=\"xMidYMid meet\" aria-labelledby='av-svg-title-8' aria-describedby='av-svg-desc-8' role=\"graphics-symbol\" aria-hidden=\"true\">\n<title id='av-svg-title-8'>Open image in lightbox: 01<\/title>\n<desc id='av-svg-desc-8'>Open image in lightbox: 01<\/desc>\n<path d=\"M15.232 3.328h10.112v10.112l-3.2-3.968-4.672 4.864-3.2-3.2 4.864-4.672zM7.872 17.536l3.2 3.2-4.864 4.672 3.904 3.2h-10.112v-10.112l3.2 3.904z\"><\/path>\n<\/svg><\/a><\/div><\/div><\/div><\/div><br \/>\n<div  class='hr av-av_hr-0ff602b3e980a3377077ff3c1c834df6 hr-default  avia-builder-el-5  el_after_av_horizontal_gallery  el_before_av_heading  avia-builder-el-first '><span class='hr-inner '><span class=\"hr-inner-style\"><\/span><\/span><\/div><br \/>\n\n<style type=\"text\/css\" data-created_by=\"avia_inline_auto\" id=\"style-css-av-av_heading-9475d6d18ff881eaf109c053ebd1001e\">\n#top .av-special-heading.av-av_heading-9475d6d18ff881eaf109c053ebd1001e{\npadding-bottom:10px;\n}\nbody .av-special-heading.av-av_heading-9475d6d18ff881eaf109c053ebd1001e .av-special-heading-tag .heading-char{\nfont-size:25px;\n}\n.av-special-heading.av-av_heading-9475d6d18ff881eaf109c053ebd1001e .av-subheading{\nfont-size:15px;\n}\n<\/style>\n<div  class='av-special-heading av-av_heading-9475d6d18ff881eaf109c053ebd1001e av-special-heading-h3  avia-builder-el-6  el_after_av_hr  el_before_av_textblock '><h3 class='av-special-heading-tag '  itemprop=\"headline\"  >Savoir Vivre &#8211; Haben Sie bereits gewusst?<\/h3><div class=\"special-heading-border\"><div class=\"special-heading-inner-border\"><\/div><\/div><\/div><br \/>\n<section  class='av_textblock_section av-av_textblock-2de302bf1aa3cf4c9157dbe6f50ac7eb '   itemscope=\"itemscope\" itemtype=\"https:\/\/schema.org\/CreativeWork\" ><div class='avia_textblock'  itemprop=\"text\" ><p>Brasserie ist ein franz\u00f6sischer Begriff f\u00fcr eine bestimmte Art Gastst\u00e4tte. Sie ist weniger formell und einfacher ausgestattet als ein Restaurant, verf\u00fcgt jedoch im Gegensatz zu einem Bistro, Bar-Tabac oder Caf\u00e9 \u00fcber eine gr\u00f6\u00dfere Auswahl an warmen Speisen. Der Begriff findet heute auch im nicht frankophonen Ausland f\u00fcr Gastst\u00e4tten dieses Stils Verwendung.<\/p>\n<p>Das Wort Brasserie bedeutet eigentlich Brauerei. Die Verwendung des Begriffs f\u00fcr Gastst\u00e4tten geht vermutlich auf Hausbrauereien und Brauh\u00e4user im n\u00f6rdlichen Frankreich und Belgien zur\u00fcck, die in ihren Gaststuben neben dem Ausschank des Bieres oft rustikale Hausmannskost anbieten.<\/p>\n<p>\u00dcber die Jahrzehnte hin, hat sich die klassische Brasserie entwickelt und bietet eine u. a. ein gem\u00fctliches bis edles Ambiente und eine innovative Speisekarte mit Klassikern und modernen Kreationen der franz\u00f6sischen K\u00fcchen.<\/p>\n<\/div><\/section><\/p><\/div>\n\n<style type=\"text\/css\" data-created_by=\"avia_inline_auto\" id=\"style-css-av-av_one_half-c8fc129dc35fd1ae2a1e410224d39ea8\">\n.flex_column.av-av_one_half-c8fc129dc35fd1ae2a1e410224d39ea8{\nborder-radius:0px 0px 0px 0px;\npadding:0px 0px 0px 0px;\n}\n<\/style>\n<div  class='flex_column av-av_one_half-c8fc129dc35fd1ae2a1e410224d39ea8 av_one_half  avia-builder-el-8  el_after_av_one_half  avia-builder-el-last  flex_column_div av-zero-column-padding  '     ><style type=\"text\/css\" data-created_by=\"avia_inline_auto\" id=\"style-css-av-av_gallery-a64c8c19157d7edc3513b21c8e64c254\">\n#top .avia-gallery.av-av_gallery-a64c8c19157d7edc3513b21c8e64c254 .avia-gallery-thumb a{\nwidth:20%;\n}\n<\/style>\n<div  class='avia-gallery av-av_gallery-a64c8c19157d7edc3513b21c8e64c254 avia_animate_when_visible  avia-builder-el-9  avia-builder-el-no-sibling  deactivate_avia_lazyload av-slideshow-ui av-loop-manual-endless av-control-hidden av-navigate-arrows av-navigate-dots hover-effect av-control-hidden avia-gallery-animate avia-gallery-1'  itemprop=\"image\" itemscope=\"itemscope\" itemtype=\"https:\/\/schema.org\/ImageObject\" ><meta itemprop=\"contentURL\" content=\"https:\/\/pauls-brasserie.de\/?page_id=3433\"><a class='avia-gallery-big fakeLightbox lightbox avia-gallery-big-crop-thumb ' href=\"https:\/\/pauls-brasserie.de\/wp-content\/uploads\/2018\/01\/01-1-730x1030.jpg\"  data-onclick='1' title='01' ><span class='avia-gallery-big-inner'  itemprop=\"thumbnailUrl\" ><img fetchpriority=\"high\" class=\"wp-image-3488 avia-img-lazy-loading-not-3488\"  width='1205' height='1700' src='https:\/\/pauls-brasserie.de\/wp-content\/uploads\/2018\/01\/01-1.jpg' title='01' alt='' \/><\/span><\/a><div class='avia-gallery-thumb'><a href=\"https:\/\/pauls-brasserie.de\/wp-content\/uploads\/2018\/01\/01-1-730x1030.jpg\" data-rel='gallery-1' data-prev-img='https:\/\/pauls-brasserie.de\/wp-content\/uploads\/2018\/01\/01-1.jpg' class='first_thumb lightbox ' data-onclick='1' title='01'  itemprop=\"thumbnailUrl\"  ><img fetchpriority=\"high\" class=\"wp-image-3488 avia-img-lazy-loading-not-3488\"   src='https:\/\/pauls-brasserie.de\/wp-content\/uploads\/2018\/01\/01-1-213x300.jpg' width='213' height='300'  title='01' alt='' \/><div class='big-prev-fake'><img loading=\"lazy\" class=\"wp-image-3488 avia-img-lazy-loading-3488\"  width='1205' height='1700' src='https:\/\/pauls-brasserie.de\/wp-content\/uploads\/2018\/01\/01-1.jpg' title='01' alt='' \/><\/div><\/a><\/div><\/div><\/div>\n","protected":false},"excerpt":{"rendered":"","protected":false},"author":5,"featured_media":0,"parent":0,"menu_order":0,"comment_status":"closed","ping_status":"closed","template":"","meta":{"ngg_post_thumbnail":0,"footnotes":""},"class_list":["post-3433","page","type-page","status-publish","hentry"],"_links":{"self":[{"href":"https:\/\/pauls-brasserie.de\/index.php?rest_route=\/wp\/v2\/pages\/3433","targetHints":{"allow":["GET"]}}],"collection":[{"href":"https:\/\/pauls-brasserie.de\/index.php?rest_route=\/wp\/v2\/pages"}],"about":[{"href":"https:\/\/pauls-brasserie.de\/index.php?rest_route=\/wp\/v2\/types\/page"}],"author":[{"embeddable":true,"href":"https:\/\/pauls-brasserie.de\/index.php?rest_route=\/wp\/v2\/users\/5"}],"replies":[{"embeddable":true,"href":"https:\/\/pauls-brasserie.de\/index.php?rest_route=%2Fwp%2Fv2%2Fcomments&post=3433"}],"version-history":[{"count":44,"href":"https:\/\/pauls-brasserie.de\/index.php?rest_route=\/wp\/v2\/pages\/3433\/revisions"}],"predecessor-version":[{"id":3866,"href":"https:\/\/pauls-brasserie.de\/index.php?rest_route=\/wp\/v2\/pages\/3433\/revisions\/3866"}],"wp:attachment":[{"href":"https:\/\/pauls-brasserie.de\/index.php?rest_route=%2Fwp%2Fv2%2Fmedia&parent=3433"}],"curies":[{"name":"wp","href":"https:\/\/api.w.org\/{rel}","templated":true}]}}